



{"id":1017,"date":"2021-01-17T05:07:26","date_gmt":"2021-01-17T02:07:26","guid":{"rendered":"http:\/\/trendyjoes.shop\/?page_id=11"},"modified":"2023-08-02T16:57:21","modified_gmt":"2023-08-02T13:57:21","slug":"wishlist","status":"publish","type":"page","link":"https:\/\/blackmenavcilar.com\/?page_id=1017","title":{"rendered":"\u0130stek listesi"},"content":{"rendered":"\n\n\n\n<form\n\tid=\"yith-wcwl-form\"\n\taction=\"https:\/\/blackmenavcilar.com\/?page_id=1017\"\n\tmethod=\"post\"\n\tclass=\"woocommerce yith-wcwl-form wishlist-fragment\"\n\tdata-fragment-options=\"{&quot;per_page&quot;:5,&quot;current_page&quot;:1,&quot;pagination&quot;:&quot;no&quot;,&quot;wishlist_id&quot;:false,&quot;action_params&quot;:false,&quot;no_interactions&quot;:false,&quot;layout&quot;:&quot;&quot;,&quot;wishlist&quot;:false,&quot;is_default&quot;:true,&quot;is_custom_list&quot;:false,&quot;wishlist_token&quot;:&quot;&quot;,&quot;is_private&quot;:false,&quot;count&quot;:0,&quot;page_title&quot;:&quot;\\u0130stek listesi&quot;,&quot;default_wishlsit_title&quot;:&quot;\\u0130stek listesi&quot;,&quot;page_links&quot;:false,&quot;is_user_logged_in&quot;:false,&quot;is_user_owner&quot;:true,&quot;can_user_edit_title&quot;:false,&quot;show_price&quot;:true,&quot;show_dateadded&quot;:false,&quot;show_stock_status&quot;:true,&quot;show_add_to_cart&quot;:true,&quot;show_remove_product&quot;:true,&quot;add_to_cart_text&quot;:&quot;&quot;,&quot;show_ask_estimate_button&quot;:false,&quot;ask_estimate_url&quot;:&quot;&quot;,&quot;price_excl_tax&quot;:true,&quot;show_cb&quot;:false,&quot;show_quantity&quot;:false,&quot;show_variation&quot;:false,&quot;show_price_variations&quot;:false,&quot;show_update&quot;:false,&quot;enable_drag_n_drop&quot;:false,&quot;enable_add_all_to_cart&quot;:false,&quot;move_to_another_wishlist&quot;:false,&quot;repeat_remove_button&quot;:false,&quot;show_last_column&quot;:true,&quot;heading_icon&quot;:&quot;&lt;i class=\\&quot;fa fa-heart-o\\&quot;&gt;&lt;\\\/i&gt;&quot;,&quot;share_enabled&quot;:false,&quot;template_part&quot;:&quot;view&quot;,&quot;additional_info&quot;:false,&quot;available_multi_wishlist&quot;:false,&quot;form_action&quot;:&quot;https:\\\/\\\/blackmenavcilar.com\\\/?page_id=1017&quot;,&quot;item&quot;:&quot;wishlist&quot;}\"\n>\n\n\t<!-- TITLE -->\n\t\t\t<div class=\"wishlist-title-container\">\n\t\t\t<div class=\"wishlist-title \">\n\t\t\t\t<h2>\u0130stek listesi<\/h2>\t\t\t\t\t\t\t<\/div>\n\t\t\t\t\t<\/div>\n\t\t\n\n<!-- WISHLIST TABLE -->\n<table\n\tclass=\"shop_table cart wishlist_table wishlist_view traditional responsive   \"\n\tdata-pagination=\"no\" data-per-page=\"5\" data-page=\"1\"\n\tdata-id=\"\" data-token=\"\">\n\n\t\n\t<thead>\n\t<tr>\n\t\t\n\t\t\t\t\t\t\t\t<th class=\"product-remove\">\n\t\t\t\t<span class=\"nobr\">\n\t\t\t\t\t\t\t\t\t<\/span>\n\t\t\t<\/th>\n\t\t\n\t\t<th class=\"product-thumbnail\"><\/th>\n\n\t\t<th class=\"product-name\">\n\t\t\t<span class=\"nobr\">\n\t\t\t\t\u00dcr\u00fcn\t\t\t<\/span>\n\t\t<\/th>\n\n\t\t\t\t\t\t\t\t<th class=\"product-price\">\n\t\t\t\t<span class=\"nobr\">\n\t\t\t\t\tFiyat\t\t\t\t<\/span>\n\t\t\t<\/th>\n\t\t\n\t\t\n\t\t\t\t\t\t\t\t<th class=\"product-stock-status\">\n\t\t\t\t<span class=\"nobr\">\n\t\t\t\t\tStok\t\t\t\t<\/span>\n\t\t\t<\/th>\n\t\t\n\t\t\t\t\t\t\t\t<th class=\"product-add-to-cart\">\n\t\t\t\t<span class=\"nobr\">\n\t\t\t\t\t\t\t\t\t<\/span>\n\t\t\t<\/th>\n\t\t\n\t\t\t<\/tr>\n\t<\/thead>\n\n\t<tbody class=\"wishlist-items-wrapper\">\n\t\t\t<tr>\n\t\t\t\t\t\t<td colspan=\"6\" class=\"wishlist-empty\">\u0130stek listeniz bo\u015f g\u00f6r\u00fcn\u00fcyor<\/td>\n\t\t<\/tr>\n\t\t\t<\/tbody>\n\n<\/table>\n\n\t<div class=\"yith_wcwl_wishlist_footer\">\n\t\t\n\n\t\t\n\n\t\t\n\t\t\t<\/div>\n\n\t<input type=\"hidden\" id=\"yith_wcwl_edit_wishlist\" name=\"yith_wcwl_edit_wishlist\" value=\"780af39c80\" \/><input type=\"hidden\" name=\"_wp_http_referer\" value=\"\/index.php?rest_route=%2Fwp%2Fv2%2Fpages%2F1017\" \/>\t<input type=\"hidden\" value=\"\" name=\"wishlist_id\" id=\"wishlist_id\">\n\n\t\n<\/form>\n\n\n\n\n","protected":false},"excerpt":{"rendered":"","protected":false},"author":1,"featured_media":0,"parent":0,"menu_order":0,"comment_status":"closed","ping_status":"closed","template":"","meta":{"footnotes":""},"yoast_head":"<!-- This site is optimized with the Yoast SEO plugin v21.2 - https:\/\/yoast.com\/wordpress\/plugins\/seo\/ -->\n<title>\u0130stek listesi - blackmenavcilar.com<\/title>\n<meta name=\"robots\" content=\"index, follow, max-snippet:-1, max-image-preview:large, max-video-preview:-1\" \/>\n<link rel=\"canonical\" href=\"https:\/\/blackmenavcilar.com\/?page_id=1017\" \/>\n<meta property=\"og:locale\" content=\"tr_TR\" \/>\n<meta property=\"og:type\" content=\"article\" \/>\n<meta property=\"og:title\" content=\"\u0130stek listesi - blackmenavcilar.com\" \/>\n<meta property=\"og:url\" content=\"https:\/\/blackmenavcilar.com\/?page_id=1017\" \/>\n<meta property=\"og:site_name\" content=\"blackmenavcilar.com\" \/>\n<meta property=\"article:modified_time\" content=\"2023-08-02T13:57:21+00:00\" \/>\n<meta name=\"twitter:card\" content=\"summary_large_image\" \/>\n<script type=\"application\/ld+json\" class=\"yoast-schema-graph\">{\"@context\":\"https:\/\/schema.org\",\"@graph\":[{\"@type\":\"WebPage\",\"@id\":\"https:\/\/blackmenavcilar.com\/?page_id=1017\",\"url\":\"https:\/\/blackmenavcilar.com\/?page_id=1017\",\"name\":\"\u0130stek listesi - blackmenavcilar.com\",\"isPartOf\":{\"@id\":\"https:\/\/blackmenavcilar.com\/#website\"},\"datePublished\":\"2021-01-17T02:07:26+00:00\",\"dateModified\":\"2023-08-02T13:57:21+00:00\",\"breadcrumb\":{\"@id\":\"https:\/\/blackmenavcilar.com\/?page_id=1017#breadcrumb\"},\"inLanguage\":\"tr\",\"potentialAction\":[{\"@type\":\"ReadAction\",\"target\":[\"https:\/\/blackmenavcilar.com\/?page_id=1017\"]}]},{\"@type\":\"BreadcrumbList\",\"@id\":\"https:\/\/blackmenavcilar.com\/?page_id=1017#breadcrumb\",\"itemListElement\":[{\"@type\":\"ListItem\",\"position\":1,\"name\":\"Anasayfa\",\"item\":\"https:\/\/blackmenavcilar.com\/\"},{\"@type\":\"ListItem\",\"position\":2,\"name\":\"\u0130stek listesi\"}]},{\"@type\":\"WebSite\",\"@id\":\"https:\/\/blackmenavcilar.com\/#website\",\"url\":\"https:\/\/blackmenavcilar.com\/\",\"name\":\"blackmenavcilar.com\",\"description\":\"\",\"publisher\":{\"@id\":\"https:\/\/blackmenavcilar.com\/#organization\"},\"potentialAction\":[{\"@type\":\"SearchAction\",\"target\":{\"@type\":\"EntryPoint\",\"urlTemplate\":\"https:\/\/blackmenavcilar.com\/?s={search_term_string}\"},\"query-input\":\"required name=search_term_string\"}],\"inLanguage\":\"tr\"},{\"@type\":\"Organization\",\"@id\":\"https:\/\/blackmenavcilar.com\/#organization\",\"name\":\"blackmenavcilar.com\",\"url\":\"https:\/\/blackmenavcilar.com\/\",\"logo\":{\"@type\":\"ImageObject\",\"inLanguage\":\"tr\",\"@id\":\"https:\/\/blackmenavcilar.com\/#\/schema\/logo\/image\/\",\"url\":\"https:\/\/blackmenavcilar.com\/wp-content\/uploads\/2023\/07\/cropped-WhatsApp-Gorsel-2023-07-20-saat-21.13.52.jpg\",\"contentUrl\":\"https:\/\/blackmenavcilar.com\/wp-content\/uploads\/2023\/07\/cropped-WhatsApp-Gorsel-2023-07-20-saat-21.13.52.jpg\",\"width\":512,\"height\":512,\"caption\":\"blackmenavcilar.com\"},\"image\":{\"@id\":\"https:\/\/blackmenavcilar.com\/#\/schema\/logo\/image\/\"},\"sameAs\":[\"https:\/\/www.instagram.com\/blackmenavcilar\/\"]}]}<\/script>\n<!-- \/ Yoast SEO plugin. -->","yoast_head_json":{"title":"\u0130stek listesi - blackmenavcilar.com","robots":{"index":"index","follow":"follow","max-snippet":"max-snippet:-1","max-image-preview":"max-image-preview:large","max-video-preview":"max-video-preview:-1"},"canonical":"https:\/\/blackmenavcilar.com\/?page_id=1017","og_locale":"tr_TR","og_type":"article","og_title":"\u0130stek listesi - blackmenavcilar.com","og_url":"https:\/\/blackmenavcilar.com\/?page_id=1017","og_site_name":"blackmenavcilar.com","article_modified_time":"2023-08-02T13:57:21+00:00","twitter_card":"summary_large_image","schema":{"@context":"https:\/\/schema.org","@graph":[{"@type":"WebPage","@id":"https:\/\/blackmenavcilar.com\/?page_id=1017","url":"https:\/\/blackmenavcilar.com\/?page_id=1017","name":"\u0130stek listesi - blackmenavcilar.com","isPartOf":{"@id":"https:\/\/blackmenavcilar.com\/#website"},"datePublished":"2021-01-17T02:07:26+00:00","dateModified":"2023-08-02T13:57:21+00:00","breadcrumb":{"@id":"https:\/\/blackmenavcilar.com\/?page_id=1017#breadcrumb"},"inLanguage":"tr","potentialAction":[{"@type":"ReadAction","target":["https:\/\/blackmenavcilar.com\/?page_id=1017"]}]},{"@type":"BreadcrumbList","@id":"https:\/\/blackmenavcilar.com\/?page_id=1017#breadcrumb","itemListElement":[{"@type":"ListItem","position":1,"name":"Anasayfa","item":"https:\/\/blackmenavcilar.com\/"},{"@type":"ListItem","position":2,"name":"\u0130stek listesi"}]},{"@type":"WebSite","@id":"https:\/\/blackmenavcilar.com\/#website","url":"https:\/\/blackmenavcilar.com\/","name":"blackmenavcilar.com","description":"","publisher":{"@id":"https:\/\/blackmenavcilar.com\/#organization"},"potentialAction":[{"@type":"SearchAction","target":{"@type":"EntryPoint","urlTemplate":"https:\/\/blackmenavcilar.com\/?s={search_term_string}"},"query-input":"required name=search_term_string"}],"inLanguage":"tr"},{"@type":"Organization","@id":"https:\/\/blackmenavcilar.com\/#organization","name":"blackmenavcilar.com","url":"https:\/\/blackmenavcilar.com\/","logo":{"@type":"ImageObject","inLanguage":"tr","@id":"https:\/\/blackmenavcilar.com\/#\/schema\/logo\/image\/","url":"https:\/\/blackmenavcilar.com\/wp-content\/uploads\/2023\/07\/cropped-WhatsApp-Gorsel-2023-07-20-saat-21.13.52.jpg","contentUrl":"https:\/\/blackmenavcilar.com\/wp-content\/uploads\/2023\/07\/cropped-WhatsApp-Gorsel-2023-07-20-saat-21.13.52.jpg","width":512,"height":512,"caption":"blackmenavcilar.com"},"image":{"@id":"https:\/\/blackmenavcilar.com\/#\/schema\/logo\/image\/"},"sameAs":["https:\/\/www.instagram.com\/blackmenavcilar\/"]}]}},"_links":{"self":[{"href":"https:\/\/blackmenavcilar.com\/index.php?rest_route=\/wp\/v2\/pages\/1017"}],"collection":[{"href":"https:\/\/blackmenavcilar.com\/index.php?rest_route=\/wp\/v2\/pages"}],"about":[{"href":"https:\/\/blackmenavcilar.com\/index.php?rest_route=\/wp\/v2\/types\/page"}],"author":[{"embeddable":true,"href":"https:\/\/blackmenavcilar.com\/index.php?rest_route=\/wp\/v2\/users\/1"}],"replies":[{"embeddable":true,"href":"https:\/\/blackmenavcilar.com\/index.php?rest_route=%2Fwp%2Fv2%2Fcomments&post=1017"}],"version-history":[{"count":1,"href":"https:\/\/blackmenavcilar.com\/index.php?rest_route=\/wp\/v2\/pages\/1017\/revisions"}],"predecessor-version":[{"id":1135,"href":"https:\/\/blackmenavcilar.com\/index.php?rest_route=\/wp\/v2\/pages\/1017\/revisions\/1135"}],"wp:attachment":[{"href":"https:\/\/blackmenavcilar.com\/index.php?rest_route=%2Fwp%2Fv2%2Fmedia&parent=1017"}],"curies":[{"name":"wp","href":"https:\/\/api.w.org\/{rel}","templated":true}]}}