



{"id":1020,"date":"2021-01-18T14:54:53","date_gmt":"2021-01-18T11:54:53","guid":{"rendered":"http:\/\/trendyjoes.shop\/?page_id=21"},"modified":"2023-09-01T15:36:26","modified_gmt":"2023-09-01T12:36:26","slug":"iletisim","status":"publish","type":"page","link":"https:\/\/blackmenavcilar.com\/?page_id=1020","title":{"rendered":"\u0130leti\u015fim"},"content":{"rendered":"\t\t<div data-elementor-type=\"wp-page\" data-elementor-id=\"1020\" class=\"elementor elementor-1020\">\n\t\t\t\t\t\t\t\t\t<section class=\"elementor-section elementor-top-section elementor-element elementor-element-786fde2 elementor-section-content-middle elementor-section-boxed elementor-section-height-default elementor-section-height-default\" data-id=\"786fde2\" data-element_type=\"section\">\n\t\t\t\t\t\t<div class=\"elementor-container elementor-column-gap-default\">\n\t\t\t\t\t<div class=\"elementor-column elementor-col-50 elementor-top-column elementor-element elementor-element-6da4980\" data-id=\"6da4980\" data-element_type=\"column\">\n\t\t\t<div class=\"elementor-widget-wrap elementor-element-populated\">\n\t\t\t\t\t\t\t\t<div class=\"elementor-element elementor-element-1bf1521 elementor-widget elementor-widget-heading\" data-id=\"1bf1521\" data-element_type=\"widget\" data-widget_type=\"heading.default\">\n\t\t\t\t<div class=\"elementor-widget-container\">\n\t\t\t<style>\/*! elementor - v3.15.0 - 09-08-2023 *\/\n.elementor-heading-title{padding:0;margin:0;line-height:1}.elementor-widget-heading .elementor-heading-title[class*=elementor-size-]>a{color:inherit;font-size:inherit;line-height:inherit}.elementor-widget-heading .elementor-heading-title.elementor-size-small{font-size:15px}.elementor-widget-heading .elementor-heading-title.elementor-size-medium{font-size:19px}.elementor-widget-heading .elementor-heading-title.elementor-size-large{font-size:29px}.elementor-widget-heading .elementor-heading-title.elementor-size-xl{font-size:39px}.elementor-widget-heading .elementor-heading-title.elementor-size-xxl{font-size:59px}<\/style><h3 class=\"elementor-heading-title elementor-size-default\">Blackman <\/h3>\t\t<\/div>\n\t\t\t\t<\/div>\n\t\t\t\t<div class=\"elementor-element elementor-element-2bd43cb elementor-widget elementor-widget-text-editor\" data-id=\"2bd43cb\" data-element_type=\"widget\" data-widget_type=\"text-editor.default\">\n\t\t\t\t<div class=\"elementor-widget-container\">\n\t\t\t<style>\/*! elementor - v3.15.0 - 09-08-2023 *\/\n.elementor-widget-text-editor.elementor-drop-cap-view-stacked .elementor-drop-cap{background-color:#69727d;color:#fff}.elementor-widget-text-editor.elementor-drop-cap-view-framed .elementor-drop-cap{color:#69727d;border:3px solid;background-color:transparent}.elementor-widget-text-editor:not(.elementor-drop-cap-view-default) .elementor-drop-cap{margin-top:8px}.elementor-widget-text-editor:not(.elementor-drop-cap-view-default) .elementor-drop-cap-letter{width:1em;height:1em}.elementor-widget-text-editor .elementor-drop-cap{float:left;text-align:center;line-height:1;font-size:50px}.elementor-widget-text-editor .elementor-drop-cap-letter{display:inline-block}<\/style>\t\t\t\t<p>Merkez Mahallesi, Fatih Sokak<\/p><p>Okutan \u0130\u015f Han\u0131<\/p><p>15\/G Avc\u0131lar \u0130stanbul<\/p>\t\t\t\t\t\t<\/div>\n\t\t\t\t<\/div>\n\t\t\t\t<div class=\"elementor-element elementor-element-2e2bc4a elementor-widget__width-initial elementor-widget-mobile__width-inherit elementor-widget elementor-widget-text-editor\" data-id=\"2e2bc4a\" data-element_type=\"widget\" data-widget_type=\"text-editor.default\">\n\t\t\t\t<div class=\"elementor-widget-container\">\n\t\t\t\t\t\t\t<p>0506 718 92 95<\/p>\t\t\t\t\t\t<\/div>\n\t\t\t\t<\/div>\n\t\t\t\t<div class=\"elementor-element elementor-element-2782b13 elementor-widget__width-initial elementor-widget elementor-widget-image\" data-id=\"2782b13\" data-element_type=\"widget\" data-widget_type=\"image.default\">\n\t\t\t\t<div class=\"elementor-widget-container\">\n\t\t\t<style>\/*! elementor - v3.15.0 - 09-08-2023 *\/\n.elementor-widget-image{text-align:center}.elementor-widget-image a{display:inline-block}.elementor-widget-image a img[src$=\".svg\"]{width:48px}.elementor-widget-image img{vertical-align:middle;display:inline-block}<\/style>\t\t\t\t\t\t\t\t\t\t\t\t\t<a href=\"https:\/\/www.instagram.com\/blackmenavcilar\/\" target=\"_blank\">\n\t\t\t\t\t\t\t<img decoding=\"async\" loading=\"lazy\" width=\"150\" height=\"150\" src=\"https:\/\/blackmenavcilar.com\/wp-content\/uploads\/2023\/08\/Instagram_logo_2022.svg-150x150.png\" class=\"attachment-thumbnail size-thumbnail wp-image-1213\" alt=\"\" srcset=\"https:\/\/blackmenavcilar.com\/wp-content\/uploads\/2023\/08\/Instagram_logo_2022.svg-150x150.png 150w, https:\/\/blackmenavcilar.com\/wp-content\/uploads\/2023\/08\/Instagram_logo_2022.svg-300x300.png 300w, https:\/\/blackmenavcilar.com\/wp-content\/uploads\/2023\/08\/Instagram_logo_2022.svg-768x768.png 768w, https:\/\/blackmenavcilar.com\/wp-content\/uploads\/2023\/08\/Instagram_logo_2022.svg-600x600.png 600w, https:\/\/blackmenavcilar.com\/wp-content\/uploads\/2023\/08\/Instagram_logo_2022.svg-440x440.png 440w, https:\/\/blackmenavcilar.com\/wp-content\/uploads\/2023\/08\/Instagram_logo_2022.svg-120x120.png 120w, https:\/\/blackmenavcilar.com\/wp-content\/uploads\/2023\/08\/Instagram_logo_2022.svg-100x100.png 100w, https:\/\/blackmenavcilar.com\/wp-content\/uploads\/2023\/08\/Instagram_logo_2022.svg-46x46.png 46w, https:\/\/blackmenavcilar.com\/wp-content\/uploads\/2023\/08\/Instagram_logo_2022.svg.png 1024w\" sizes=\"(max-width: 150px) 100vw, 150px\" \/>\t\t\t\t\t\t\t\t<\/a>\n\t\t\t\t\t\t\t\t\t\t\t\t\t\t\t<\/div>\n\t\t\t\t<\/div>\n\t\t\t\t\t<\/div>\n\t\t<\/div>\n\t\t\t\t<div class=\"elementor-column elementor-col-50 elementor-top-column elementor-element elementor-element-e9b9903\" data-id=\"e9b9903\" data-element_type=\"column\">\n\t\t\t<div class=\"elementor-widget-wrap elementor-element-populated\">\n\t\t\t\t\t\t\t\t<div class=\"elementor-element elementor-element-28e50de elementor-widget elementor-widget-image\" data-id=\"28e50de\" data-element_type=\"widget\" data-widget_type=\"image.default\">\n\t\t\t\t<div class=\"elementor-widget-container\">\n\t\t\t\t\t\t\t\t\t\t\t\t\t\t\t<img decoding=\"async\" src=\"https:\/\/blackmenavcilar.com\/wp-content\/uploads\/elementor\/thumbs\/WhatsApp-Image-2023-09-01-at-14.52.31-qbrpsb1vtlouc34a3v9fiymh7u96jdx5otue8912mm.jpeg\" title=\"WhatsApp Image 2023-09-01 at 14.52.31\" alt=\"WhatsApp Image 2023-09-01 at 14.52.31\" loading=\"lazy\" \/>\t\t\t\t\t\t\t\t\t\t\t\t\t\t\t<\/div>\n\t\t\t\t<\/div>\n\t\t\t\t\t<\/div>\n\t\t<\/div>\n\t\t\t\t\t\t\t<\/div>\n\t\t<\/section>\n\t\t\t\t\t\t\t<\/div>\n\t\t","protected":false},"excerpt":{"rendered":"<p>Blackman Merkez Mahallesi, Fatih Sokak Okutan \u0130\u015f Han\u0131 15\/G Avc\u0131lar \u0130stanbul 0506 718 92 95<\/p>\n","protected":false},"author":1,"featured_media":0,"parent":0,"menu_order":0,"comment_status":"closed","ping_status":"closed","template":"","meta":{"footnotes":""},"yoast_head":"<!-- This site is optimized with the Yoast SEO plugin v21.2 - https:\/\/yoast.com\/wordpress\/plugins\/seo\/ -->\n<title>\u0130leti\u015fim - blackmenavcilar.com<\/title>\n<meta name=\"robots\" content=\"index, follow, max-snippet:-1, max-image-preview:large, max-video-preview:-1\" \/>\n<link rel=\"canonical\" href=\"https:\/\/blackmenavcilar.com\/?page_id=1020\" \/>\n<meta property=\"og:locale\" content=\"tr_TR\" \/>\n<meta property=\"og:type\" content=\"article\" \/>\n<meta property=\"og:title\" content=\"\u0130leti\u015fim - blackmenavcilar.com\" \/>\n<meta property=\"og:description\" content=\"Blackman Merkez Mahallesi, Fatih Sokak Okutan \u0130\u015f Han\u0131 15\/G Avc\u0131lar \u0130stanbul 0506 718 92 95\" \/>\n<meta property=\"og:url\" content=\"https:\/\/blackmenavcilar.com\/?page_id=1020\" \/>\n<meta property=\"og:site_name\" content=\"blackmenavcilar.com\" \/>\n<meta property=\"article:modified_time\" content=\"2023-09-01T12:36:26+00:00\" \/>\n<meta property=\"og:image\" content=\"https:\/\/blackmenavcilar.com\/wp-content\/uploads\/2023\/08\/Instagram_logo_2022.svg-150x150.png\" \/>\n<meta name=\"twitter:card\" content=\"summary_large_image\" \/>\n<script type=\"application\/ld+json\" class=\"yoast-schema-graph\">{\"@context\":\"https:\/\/schema.org\",\"@graph\":[{\"@type\":\"WebPage\",\"@id\":\"https:\/\/blackmenavcilar.com\/?page_id=1020\",\"url\":\"https:\/\/blackmenavcilar.com\/?page_id=1020\",\"name\":\"\u0130leti\u015fim - blackmenavcilar.com\",\"isPartOf\":{\"@id\":\"https:\/\/blackmenavcilar.com\/#website\"},\"datePublished\":\"2021-01-18T11:54:53+00:00\",\"dateModified\":\"2023-09-01T12:36:26+00:00\",\"breadcrumb\":{\"@id\":\"https:\/\/blackmenavcilar.com\/?page_id=1020#breadcrumb\"},\"inLanguage\":\"tr\",\"potentialAction\":[{\"@type\":\"ReadAction\",\"target\":[\"https:\/\/blackmenavcilar.com\/?page_id=1020\"]}]},{\"@type\":\"BreadcrumbList\",\"@id\":\"https:\/\/blackmenavcilar.com\/?page_id=1020#breadcrumb\",\"itemListElement\":[{\"@type\":\"ListItem\",\"position\":1,\"name\":\"Anasayfa\",\"item\":\"https:\/\/blackmenavcilar.com\/\"},{\"@type\":\"ListItem\",\"position\":2,\"name\":\"\u0130leti\u015fim\"}]},{\"@type\":\"WebSite\",\"@id\":\"https:\/\/blackmenavcilar.com\/#website\",\"url\":\"https:\/\/blackmenavcilar.com\/\",\"name\":\"blackmenavcilar.com\",\"description\":\"\",\"publisher\":{\"@id\":\"https:\/\/blackmenavcilar.com\/#organization\"},\"potentialAction\":[{\"@type\":\"SearchAction\",\"target\":{\"@type\":\"EntryPoint\",\"urlTemplate\":\"https:\/\/blackmenavcilar.com\/?s={search_term_string}\"},\"query-input\":\"required name=search_term_string\"}],\"inLanguage\":\"tr\"},{\"@type\":\"Organization\",\"@id\":\"https:\/\/blackmenavcilar.com\/#organization\",\"name\":\"blackmenavcilar.com\",\"url\":\"https:\/\/blackmenavcilar.com\/\",\"logo\":{\"@type\":\"ImageObject\",\"inLanguage\":\"tr\",\"@id\":\"https:\/\/blackmenavcilar.com\/#\/schema\/logo\/image\/\",\"url\":\"https:\/\/blackmenavcilar.com\/wp-content\/uploads\/2023\/07\/cropped-WhatsApp-Gorsel-2023-07-20-saat-21.13.52.jpg\",\"contentUrl\":\"https:\/\/blackmenavcilar.com\/wp-content\/uploads\/2023\/07\/cropped-WhatsApp-Gorsel-2023-07-20-saat-21.13.52.jpg\",\"width\":512,\"height\":512,\"caption\":\"blackmenavcilar.com\"},\"image\":{\"@id\":\"https:\/\/blackmenavcilar.com\/#\/schema\/logo\/image\/\"},\"sameAs\":[\"https:\/\/www.instagram.com\/blackmenavcilar\/\"]}]}<\/script>\n<!-- \/ Yoast SEO plugin. -->","yoast_head_json":{"title":"\u0130leti\u015fim - blackmenavcilar.com","robots":{"index":"index","follow":"follow","max-snippet":"max-snippet:-1","max-image-preview":"max-image-preview:large","max-video-preview":"max-video-preview:-1"},"canonical":"https:\/\/blackmenavcilar.com\/?page_id=1020","og_locale":"tr_TR","og_type":"article","og_title":"\u0130leti\u015fim - blackmenavcilar.com","og_description":"Blackman Merkez Mahallesi, Fatih Sokak Okutan \u0130\u015f Han\u0131 15\/G Avc\u0131lar \u0130stanbul 0506 718 92 95","og_url":"https:\/\/blackmenavcilar.com\/?page_id=1020","og_site_name":"blackmenavcilar.com","article_modified_time":"2023-09-01T12:36:26+00:00","og_image":[{"url":"https:\/\/blackmenavcilar.com\/wp-content\/uploads\/2023\/08\/Instagram_logo_2022.svg-150x150.png"}],"twitter_card":"summary_large_image","schema":{"@context":"https:\/\/schema.org","@graph":[{"@type":"WebPage","@id":"https:\/\/blackmenavcilar.com\/?page_id=1020","url":"https:\/\/blackmenavcilar.com\/?page_id=1020","name":"\u0130leti\u015fim - blackmenavcilar.com","isPartOf":{"@id":"https:\/\/blackmenavcilar.com\/#website"},"datePublished":"2021-01-18T11:54:53+00:00","dateModified":"2023-09-01T12:36:26+00:00","breadcrumb":{"@id":"https:\/\/blackmenavcilar.com\/?page_id=1020#breadcrumb"},"inLanguage":"tr","potentialAction":[{"@type":"ReadAction","target":["https:\/\/blackmenavcilar.com\/?page_id=1020"]}]},{"@type":"BreadcrumbList","@id":"https:\/\/blackmenavcilar.com\/?page_id=1020#breadcrumb","itemListElement":[{"@type":"ListItem","position":1,"name":"Anasayfa","item":"https:\/\/blackmenavcilar.com\/"},{"@type":"ListItem","position":2,"name":"\u0130leti\u015fim"}]},{"@type":"WebSite","@id":"https:\/\/blackmenavcilar.com\/#website","url":"https:\/\/blackmenavcilar.com\/","name":"blackmenavcilar.com","description":"","publisher":{"@id":"https:\/\/blackmenavcilar.com\/#organization"},"potentialAction":[{"@type":"SearchAction","target":{"@type":"EntryPoint","urlTemplate":"https:\/\/blackmenavcilar.com\/?s={search_term_string}"},"query-input":"required name=search_term_string"}],"inLanguage":"tr"},{"@type":"Organization","@id":"https:\/\/blackmenavcilar.com\/#organization","name":"blackmenavcilar.com","url":"https:\/\/blackmenavcilar.com\/","logo":{"@type":"ImageObject","inLanguage":"tr","@id":"https:\/\/blackmenavcilar.com\/#\/schema\/logo\/image\/","url":"https:\/\/blackmenavcilar.com\/wp-content\/uploads\/2023\/07\/cropped-WhatsApp-Gorsel-2023-07-20-saat-21.13.52.jpg","contentUrl":"https:\/\/blackmenavcilar.com\/wp-content\/uploads\/2023\/07\/cropped-WhatsApp-Gorsel-2023-07-20-saat-21.13.52.jpg","width":512,"height":512,"caption":"blackmenavcilar.com"},"image":{"@id":"https:\/\/blackmenavcilar.com\/#\/schema\/logo\/image\/"},"sameAs":["https:\/\/www.instagram.com\/blackmenavcilar\/"]}]}},"_links":{"self":[{"href":"https:\/\/blackmenavcilar.com\/index.php?rest_route=\/wp\/v2\/pages\/1020"}],"collection":[{"href":"https:\/\/blackmenavcilar.com\/index.php?rest_route=\/wp\/v2\/pages"}],"about":[{"href":"https:\/\/blackmenavcilar.com\/index.php?rest_route=\/wp\/v2\/types\/page"}],"author":[{"embeddable":true,"href":"https:\/\/blackmenavcilar.com\/index.php?rest_route=\/wp\/v2\/users\/1"}],"replies":[{"embeddable":true,"href":"https:\/\/blackmenavcilar.com\/index.php?rest_route=%2Fwp%2Fv2%2Fcomments&post=1020"}],"version-history":[{"count":23,"href":"https:\/\/blackmenavcilar.com\/index.php?rest_route=\/wp\/v2\/pages\/1020\/revisions"}],"predecessor-version":[{"id":2043,"href":"https:\/\/blackmenavcilar.com\/index.php?rest_route=\/wp\/v2\/pages\/1020\/revisions\/2043"}],"wp:attachment":[{"href":"https:\/\/blackmenavcilar.com\/index.php?rest_route=%2Fwp%2Fv2%2Fmedia&parent=1020"}],"curies":[{"name":"wp","href":"https:\/\/api.w.org\/{rel}","templated":true}]}}